{"id":267,"date":"2024-02-03T22:50:47","date_gmt":"2024-02-03T21:50:47","guid":{"rendered":"https:\/\/impresiona.com.gt\/?page_id=267"},"modified":"2024-02-03T23:10:10","modified_gmt":"2024-02-03T22:10:10","slug":"servicios","status":"publish","type":"page","link":"https:\/\/impresiona.com.gt\/index.php\/servicios\/","title":{"rendered":"Servicios"},"content":{"rendered":"\t\t<div data-elementor-type=\"wp-page\" data-elementor-id=\"267\" class=\"elementor elementor-267\" data-elementor-post-type=\"page\">\n\t\t\t\t<div class=\"elementor-element elementor-element-7bebf1e e-con-full e-flex e-con e-parent\" data-id=\"7bebf1e\" data-element_type=\"container\" data-e-type=\"container\">\n\t\t\t\t<div class=\"elementor-element elementor-element-4f38b0b elementor-widget elementor-widget-image\" data-id=\"4f38b0b\" data-element_type=\"widget\" data-e-type=\"widget\" data-widget_type=\"image.default\">\n\t\t\t\t<div class=\"elementor-widget-container\">\n\t\t\t\t\t\t\t\t\t\t\t\t\t\t\t<img fetchpriority=\"high\" decoding=\"async\" width=\"1600\" height=\"500\" src=\"https:\/\/impresiona.com.gt\/wp-content\/uploads\/2024\/02\/b.jpg\" class=\"attachment-full size-full wp-image-269\" alt=\"\" srcset=\"https:\/\/impresiona.com.gt\/wp-content\/uploads\/2024\/02\/b.jpg 1600w, https:\/\/impresiona.com.gt\/wp-content\/uploads\/2024\/02\/b-300x94.jpg 300w, https:\/\/impresiona.com.gt\/wp-content\/uploads\/2024\/02\/b-1024x320.jpg 1024w, https:\/\/impresiona.com.gt\/wp-content\/uploads\/2024\/02\/b-768x240.jpg 768w, https:\/\/impresiona.com.gt\/wp-content\/uploads\/2024\/02\/b-1536x480.jpg 1536w\" sizes=\"(max-width: 1600px) 100vw, 1600px\" \/>\t\t\t\t\t\t\t\t\t\t\t\t\t\t\t<\/div>\n\t\t\t\t<\/div>\n\t\t\t\t<\/div>\n\t\t<div class=\"elementor-element elementor-element-ddb4217 e-flex e-con-boxed e-con e-parent\" data-id=\"ddb4217\" data-element_type=\"container\" data-e-type=\"container\">\n\t\t\t\t\t<div class=\"e-con-inner\">\n\t\t<div class=\"elementor-element elementor-element-3eadabe e-con-full e-flex e-con e-child\" data-id=\"3eadabe\" data-element_type=\"container\" data-e-type=\"container\">\n\t\t\t\t<div class=\"elementor-element elementor-element-b11dd79 elementor-widget elementor-widget-text-editor\" data-id=\"b11dd79\" data-element_type=\"widget\" data-e-type=\"widget\" data-widget_type=\"text-editor.default\">\n\t\t\t\t<div class=\"elementor-widget-container\">\n\t\t\t\t\t\t\t\t\t<p><img decoding=\"async\" class=\"aligncenter wp-image-273\" src=\"http:\/\/impresiona.com.gt\/wp-content\/uploads\/2024\/02\/servicios1-150x150.png\" alt=\"\" width=\"100\" height=\"100\" srcset=\"https:\/\/impresiona.com.gt\/wp-content\/uploads\/2024\/02\/servicios1-150x150.png 150w, https:\/\/impresiona.com.gt\/wp-content\/uploads\/2024\/02\/servicios1.png 170w\" sizes=\"(max-width: 100px) 100vw, 100px\" \/><\/p><p><strong>SOLUCIONES A TU MEDIDA<\/strong><\/p><p>Dise\u00f1amos y fabricamos r\u00f3tulos personalizados que se adaptan a las necesidades \u00fanicas de tu negocio. Desde concepto hasta la instalaci\u00f3n, cada proyecto es una expresi\u00f3n \u00fanica de tu identidad visual<\/p>\t\t\t\t\t\t\t\t<\/div>\n\t\t\t\t<\/div>\n\t\t\t\t<\/div>\n\t\t<div class=\"elementor-element elementor-element-2ad0059 e-con-full e-flex e-con e-child\" data-id=\"2ad0059\" data-element_type=\"container\" data-e-type=\"container\">\n\t\t\t\t<div class=\"elementor-element elementor-element-1d5783c elementor-widget elementor-widget-text-editor\" data-id=\"1d5783c\" data-element_type=\"widget\" data-e-type=\"widget\" data-widget_type=\"text-editor.default\">\n\t\t\t\t<div class=\"elementor-widget-container\">\n\t\t\t\t\t\t\t\t\t<p><img decoding=\"async\" class=\"wp-image-274 aligncenter\" src=\"http:\/\/impresiona.com.gt\/wp-content\/uploads\/2024\/02\/servicios2.png\" alt=\"\" width=\"100\" height=\"100\" srcset=\"https:\/\/impresiona.com.gt\/wp-content\/uploads\/2024\/02\/servicios2.png 170w, https:\/\/impresiona.com.gt\/wp-content\/uploads\/2024\/02\/servicios2-150x150.png 150w\" sizes=\"(max-width: 100px) 100vw, 100px\" \/><\/p><p><strong>CON\u00c9CTATE CON NOSOTROS<\/strong><\/p><p>Estamos a un clic de distancia. Utiliza nuestro formulario de contacto para consultas r\u00e1pidas, presupuestos personalizados. Tambi\u00e9n puedes llamarnos directamente o visitarnos en nuestra ubicaci\u00f3n.<\/p><p><strong>\u00a1Estamos aqu\u00ed para hacer realidad tus ideas!<\/strong><\/p>\t\t\t\t\t\t\t\t<\/div>\n\t\t\t\t<\/div>\n\t\t\t\t<\/div>\n\t\t<div class=\"elementor-element elementor-element-42ac74a e-con-full e-flex e-con e-child\" data-id=\"42ac74a\" data-element_type=\"container\" data-e-type=\"container\">\n\t\t\t\t<div class=\"elementor-element elementor-element-a45f4b4 elementor-widget elementor-widget-text-editor\" data-id=\"a45f4b4\" data-element_type=\"widget\" data-e-type=\"widget\" data-widget_type=\"text-editor.default\">\n\t\t\t\t<div class=\"elementor-widget-container\">\n\t\t\t\t\t\t\t\t\t<p><img loading=\"lazy\" decoding=\"async\" class=\"aligncenter wp-image-275\" src=\"http:\/\/impresiona.com.gt\/wp-content\/uploads\/2024\/02\/servicios3.png\" alt=\"\" width=\"100\" height=\"101\" srcset=\"https:\/\/impresiona.com.gt\/wp-content\/uploads\/2024\/02\/servicios3.png 170w, https:\/\/impresiona.com.gt\/wp-content\/uploads\/2024\/02\/servicios3-150x150.png 150w\" sizes=\"(max-width: 100px) 100vw, 100px\" \/><\/p><p><strong>ENTREGA EXPR\u00c9S<\/strong><\/p><p>Tu tiempo es valioso. Garantizamos una entrega r\u00e1pida y eficiente de tus proyectos de rotulaci\u00f3n. Dese la concepci\u00f3n hasta la instalaci\u00f3n, trabajamos con agilidad para asegurar que tu imagen cobre vida en el menor tiempo posible.<\/p>\t\t\t\t\t\t\t\t<\/div>\n\t\t\t\t<\/div>\n\t\t\t\t<\/div>\n\t\t\t\t\t<\/div>\n\t\t\t\t<\/div>\n\t\t<div class=\"elementor-element elementor-element-5a35910 e-flex e-con-boxed e-con e-parent\" data-id=\"5a35910\" data-element_type=\"container\" data-e-type=\"container\" data-settings=\"{&quot;background_background&quot;:&quot;classic&quot;}\">\n\t\t\t\t\t<div class=\"e-con-inner\">\n\t\t<div class=\"elementor-element elementor-element-a0bbbae e-con-full e-flex e-con e-child\" data-id=\"a0bbbae\" data-element_type=\"container\" data-e-type=\"container\">\n\t\t\t\t<div class=\"elementor-element elementor-element-17f254c elementor-widget elementor-widget-text-editor\" data-id=\"17f254c\" data-element_type=\"widget\" data-e-type=\"widget\" data-widget_type=\"text-editor.default\">\n\t\t\t\t<div class=\"elementor-widget-container\">\n\t\t\t\t\t\t\t\t\t<p><img loading=\"lazy\" decoding=\"async\" class=\"wp-image-120 size-full aligncenter\" src=\"http:\/\/impresiona.com.gt\/wp-content\/uploads\/2024\/02\/LogoWeb.png\" alt=\"\" width=\"1041\" height=\"250\" srcset=\"https:\/\/impresiona.com.gt\/wp-content\/uploads\/2024\/02\/LogoWeb.png 1041w, https:\/\/impresiona.com.gt\/wp-content\/uploads\/2024\/02\/LogoWeb-300x72.png 300w, https:\/\/impresiona.com.gt\/wp-content\/uploads\/2024\/02\/LogoWeb-1024x246.png 1024w, https:\/\/impresiona.com.gt\/wp-content\/uploads\/2024\/02\/LogoWeb-768x184.png 768w\" sizes=\"(max-width: 1041px) 100vw, 1041px\" \/><\/p>\t\t\t\t\t\t\t\t<\/div>\n\t\t\t\t<\/div>\n\t\t\t\t<\/div>\n\t\t<div class=\"elementor-element elementor-element-579fc75 e-con-full e-flex e-con e-child\" data-id=\"579fc75\" data-element_type=\"container\" data-e-type=\"container\">\n\t\t\t\t<div class=\"elementor-element elementor-element-38ae877 elementor-nav-menu--stretch elementor-nav-menu--dropdown-tablet elementor-nav-menu__text-align-aside elementor-nav-menu--toggle elementor-nav-menu--burger elementor-widget elementor-widget-nav-menu\" data-id=\"38ae877\" data-element_type=\"widget\" data-e-type=\"widget\" data-settings=\"{&quot;full_width&quot;:&quot;stretch&quot;,&quot;layout&quot;:&quot;horizontal&quot;,&quot;submenu_icon&quot;:{&quot;value&quot;:&quot;&lt;svg class=\\&quot;e-font-icon-svg e-fas-caret-down\\&quot; viewBox=\\&quot;0 0 320 512\\&quot; xmlns=\\&quot;http:\\\/\\\/www.w3.org\\\/2000\\\/svg\\&quot;&gt;&lt;path d=\\&quot;M31.3 192h257.3c17.8 0 26.7 21.5 14.1 34.1L174.1 354.8c-7.8 7.8-20.5 7.8-28.3 0L17.2 226.1C4.6 213.5 13.5 192 31.3 192z\\&quot;&gt;&lt;\\\/path&gt;&lt;\\\/svg&gt;&quot;,&quot;library&quot;:&quot;fa-solid&quot;},&quot;toggle&quot;:&quot;burger&quot;}\" data-widget_type=\"nav-menu.default\">\n\t\t\t\t<div class=\"elementor-widget-container\">\n\t\t\t\t\t\t\t\t<nav aria-label=\"Menu\" class=\"elementor-nav-menu--main elementor-nav-menu__container elementor-nav-menu--layout-horizontal e--pointer-underline e--animation-fade\">\n\t\t\t\t<ul id=\"menu-1-38ae877\" class=\"elementor-nav-menu\"><li class=\"menu-item menu-item-type-post_type menu-item-object-page menu-item-home menu-item-43\"><a href=\"https:\/\/impresiona.com.gt\/\" class=\"elementor-item\">INICIO<\/a><\/li>\n<li class=\"menu-item menu-item-type-post_type menu-item-object-page menu-item-174\"><a href=\"https:\/\/impresiona.com.gt\/index.php\/quienes-somos\/\" class=\"elementor-item\">Qui\u00e9nes Somos<\/a><\/li>\n<li class=\"menu-item menu-item-type-post_type menu-item-object-page menu-item-342\"><a href=\"https:\/\/impresiona.com.gt\/index.php\/servicios\/\" class=\"elementor-item\">Servicios<\/a><\/li>\n<li class=\"menu-item menu-item-type-post_type menu-item-object-page menu-item-349\"><a href=\"https:\/\/impresiona.com.gt\/index.php\/nuestro-trabajo\/\" class=\"elementor-item\">Nuestro Trabajo<\/a><\/li>\n<li class=\"menu-item menu-item-type-post_type menu-item-object-page menu-item-341\"><a href=\"https:\/\/impresiona.com.gt\/index.php\/contactanos\/\" class=\"elementor-item\">Cont\u00e1ctanos<\/a><\/li>\n<\/ul>\t\t\t<\/nav>\n\t\t\t\t\t<div class=\"elementor-menu-toggle\" role=\"button\" tabindex=\"0\" aria-label=\"Menu Toggle\" aria-expanded=\"false\">\n\t\t\t<svg aria-hidden=\"true\" role=\"presentation\" class=\"elementor-menu-toggle__icon--open e-font-icon-svg e-eicon-menu-bar\" viewBox=\"0 0 1000 1000\" xmlns=\"http:\/\/www.w3.org\/2000\/svg\"><path d=\"M104 333H896C929 333 958 304 958 271S929 208 896 208H104C71 208 42 237 42 271S71 333 104 333ZM104 583H896C929 583 958 554 958 521S929 458 896 458H104C71 458 42 487 42 521S71 583 104 583ZM104 833H896C929 833 958 804 958 771S929 708 896 708H104C71 708 42 737 42 771S71 833 104 833Z\"><\/path><\/svg><svg aria-hidden=\"true\" role=\"presentation\" class=\"elementor-menu-toggle__icon--close e-font-icon-svg e-eicon-close\" viewBox=\"0 0 1000 1000\" xmlns=\"http:\/\/www.w3.org\/2000\/svg\"><path d=\"M742 167L500 408 258 167C246 154 233 150 217 150 196 150 179 158 167 167 154 179 150 196 150 212 150 229 154 242 171 254L408 500 167 742C138 771 138 800 167 829 196 858 225 858 254 829L496 587 738 829C750 842 767 846 783 846 800 846 817 842 829 829 842 817 846 804 846 783 846 767 842 750 829 737L588 500 833 258C863 229 863 200 833 171 804 137 775 137 742 167Z\"><\/path><\/svg>\t\t<\/div>\n\t\t\t\t\t<nav class=\"elementor-nav-menu--dropdown elementor-nav-menu__container\" aria-hidden=\"true\">\n\t\t\t\t<ul id=\"menu-2-38ae877\" class=\"elementor-nav-menu\"><li class=\"menu-item menu-item-type-post_type menu-item-object-page menu-item-home menu-item-43\"><a href=\"https:\/\/impresiona.com.gt\/\" class=\"elementor-item\" tabindex=\"-1\">INICIO<\/a><\/li>\n<li class=\"menu-item menu-item-type-post_type menu-item-object-page menu-item-174\"><a href=\"https:\/\/impresiona.com.gt\/index.php\/quienes-somos\/\" class=\"elementor-item\" tabindex=\"-1\">Qui\u00e9nes Somos<\/a><\/li>\n<li class=\"menu-item menu-item-type-post_type menu-item-object-page menu-item-342\"><a href=\"https:\/\/impresiona.com.gt\/index.php\/servicios\/\" class=\"elementor-item\" tabindex=\"-1\">Servicios<\/a><\/li>\n<li class=\"menu-item menu-item-type-post_type menu-item-object-page menu-item-349\"><a href=\"https:\/\/impresiona.com.gt\/index.php\/nuestro-trabajo\/\" class=\"elementor-item\" tabindex=\"-1\">Nuestro Trabajo<\/a><\/li>\n<li class=\"menu-item menu-item-type-post_type menu-item-object-page menu-item-341\"><a href=\"https:\/\/impresiona.com.gt\/index.php\/contactanos\/\" class=\"elementor-item\" tabindex=\"-1\">Cont\u00e1ctanos<\/a><\/li>\n<\/ul>\t\t\t<\/nav>\n\t\t\t\t\t\t<\/div>\n\t\t\t\t<\/div>\n\t\t\t\t<\/div>\n\t\t\t\t\t<\/div>\n\t\t\t\t<\/div>\n\t\t\t\t<\/div>\n\t\t","protected":false},"excerpt":{"rendered":"<p>SOLUCIONES A TU MEDIDA Dise\u00f1amos y fabricamos r\u00f3tulos personalizados que se adaptan a las necesidades \u00fanicas de tu negocio. Desde concepto hasta la instalaci\u00f3n, cada proyecto es una expresi\u00f3n \u00fanica de tu<a class=\"moretag\" href=\"https:\/\/impresiona.com.gt\/index.php\/servicios\/\">Read More&#8230;<\/a><\/p>\n","protected":false},"author":1,"featured_media":0,"parent":0,"menu_order":0,"comment_status":"closed","ping_status":"closed","template":"elementor_header_footer","meta":{"footnotes":""},"class_list":["post-267","page","type-page","status-publish","hentry"],"_links":{"self":[{"href":"https:\/\/impresiona.com.gt\/index.php\/wp-json\/wp\/v2\/pages\/267","targetHints":{"allow":["GET"]}}],"collection":[{"href":"https:\/\/impresiona.com.gt\/index.php\/wp-json\/wp\/v2\/pages"}],"about":[{"href":"https:\/\/impresiona.com.gt\/index.php\/wp-json\/wp\/v2\/types\/page"}],"author":[{"embeddable":true,"href":"https:\/\/impresiona.com.gt\/index.php\/wp-json\/wp\/v2\/users\/1"}],"replies":[{"embeddable":true,"href":"https:\/\/impresiona.com.gt\/index.php\/wp-json\/wp\/v2\/comments?post=267"}],"version-history":[{"count":22,"href":"https:\/\/impresiona.com.gt\/index.php\/wp-json\/wp\/v2\/pages\/267\/revisions"}],"predecessor-version":[{"id":295,"href":"https:\/\/impresiona.com.gt\/index.php\/wp-json\/wp\/v2\/pages\/267\/revisions\/295"}],"wp:attachment":[{"href":"https:\/\/impresiona.com.gt\/index.php\/wp-json\/wp\/v2\/media?parent=267"}],"curies":[{"name":"wp","href":"https:\/\/api.w.org\/{rel}","templated":true}]}}