{"id":163,"date":"2024-02-02T18:45:55","date_gmt":"2024-02-02T17:45:55","guid":{"rendered":"https:\/\/impresiona.com.gt\/?page_id=163"},"modified":"2024-02-02T19:55:23","modified_gmt":"2024-02-02T18:55:23","slug":"quienes-somos","status":"publish","type":"page","link":"https:\/\/impresiona.com.gt\/index.php\/quienes-somos\/","title":{"rendered":"Qui\u00e9nes Somos"},"content":{"rendered":"\t\t<div data-elementor-type=\"wp-page\" data-elementor-id=\"163\" class=\"elementor elementor-163\" data-elementor-post-type=\"page\">\n\t\t\t\t<div class=\"elementor-element elementor-element-7bebf1e e-con-full e-flex e-con e-parent\" data-id=\"7bebf1e\" data-element_type=\"container\" data-e-type=\"container\">\n\t\t\t\t<div class=\"elementor-element elementor-element-4f38b0b elementor-widget elementor-widget-image\" data-id=\"4f38b0b\" data-element_type=\"widget\" data-e-type=\"widget\" data-widget_type=\"image.default\">\n\t\t\t\t<div class=\"elementor-widget-container\">\n\t\t\t\t\t\t\t\t\t\t\t\t\t\t\t<img fetchpriority=\"high\" decoding=\"async\" width=\"1600\" height=\"500\" src=\"https:\/\/impresiona.com.gt\/wp-content\/uploads\/2024\/02\/a3.jpg\" class=\"attachment-full size-full wp-image-201\" alt=\"\" srcset=\"https:\/\/impresiona.com.gt\/wp-content\/uploads\/2024\/02\/a3.jpg 1600w, https:\/\/impresiona.com.gt\/wp-content\/uploads\/2024\/02\/a3-300x94.jpg 300w, https:\/\/impresiona.com.gt\/wp-content\/uploads\/2024\/02\/a3-1024x320.jpg 1024w, https:\/\/impresiona.com.gt\/wp-content\/uploads\/2024\/02\/a3-768x240.jpg 768w, https:\/\/impresiona.com.gt\/wp-content\/uploads\/2024\/02\/a3-1536x480.jpg 1536w\" sizes=\"(max-width: 1600px) 100vw, 1600px\" \/>\t\t\t\t\t\t\t\t\t\t\t\t\t\t\t<\/div>\n\t\t\t\t<\/div>\n\t\t\t\t<\/div>\n\t\t<div class=\"elementor-element elementor-element-cf82e6e e-flex e-con-boxed e-con e-parent\" data-id=\"cf82e6e\" data-element_type=\"container\" data-e-type=\"container\" data-settings=\"{&quot;background_background&quot;:&quot;classic&quot;}\">\n\t\t\t\t\t<div class=\"e-con-inner\">\n\t\t\t\t<div class=\"elementor-element elementor-element-3359916 elementor-widget elementor-widget-text-editor\" data-id=\"3359916\" data-element_type=\"widget\" data-e-type=\"widget\" data-widget_type=\"text-editor.default\">\n\t\t\t\t<div class=\"elementor-widget-container\">\n\t\t\t\t\t\t\t\t\t<h2><strong>NUESTRA COMPA\u00d1\u00cdA<\/strong><\/h2><p>IMPRESIONA es una empresa con 20 a\u00f1os de experiencia en el mercado, donde ponemos a disposici\u00f3n de su empresa toda nuestra calidad y compromiso en servicios de impresi\u00f3n digital en gran formato.<\/p>\t\t\t\t\t\t\t\t<\/div>\n\t\t\t\t<\/div>\n\t\t\t\t\t<\/div>\n\t\t\t\t<\/div>\n\t\t<div class=\"elementor-element elementor-element-ddb4217 e-flex e-con-boxed e-con e-parent\" data-id=\"ddb4217\" data-element_type=\"container\" data-e-type=\"container\">\n\t\t\t\t\t<div class=\"e-con-inner\">\n\t\t<div class=\"elementor-element elementor-element-3eadabe e-con-full e-flex e-con e-child\" data-id=\"3eadabe\" data-element_type=\"container\" data-e-type=\"container\">\n\t\t\t\t<div class=\"elementor-element elementor-element-b11dd79 elementor-widget elementor-widget-text-editor\" data-id=\"b11dd79\" data-element_type=\"widget\" data-e-type=\"widget\" data-widget_type=\"text-editor.default\">\n\t\t\t\t<div class=\"elementor-widget-container\">\n\t\t\t\t\t\t\t\t\t<p><img decoding=\"async\" class=\"aligncenter wp-image-222\" src=\"http:\/\/impresiona.com.gt\/wp-content\/uploads\/2024\/02\/mision.jpg\" alt=\"\" width=\"100\" height=\"89\" \/><\/p><p><strong>CENTRO DE IMPRESI\u00d3N DIGITAL<\/strong><br \/>Queremos brindar soluciones e imagen corporativa con calidad, creando imagenes y conceptos innovadores, de gran competitividad contribuyendo con el crecimiento de las micro y macro empresas.<\/p>\t\t\t\t\t\t\t\t<\/div>\n\t\t\t\t<\/div>\n\t\t\t\t<\/div>\n\t\t<div class=\"elementor-element elementor-element-2ad0059 e-con-full e-flex e-con e-child\" data-id=\"2ad0059\" data-element_type=\"container\" data-e-type=\"container\">\n\t\t\t\t<div class=\"elementor-element elementor-element-1d5783c elementor-widget elementor-widget-text-editor\" data-id=\"1d5783c\" data-element_type=\"widget\" data-e-type=\"widget\" data-widget_type=\"text-editor.default\">\n\t\t\t\t<div class=\"elementor-widget-container\">\n\t\t\t\t\t\t\t\t\t<p><img decoding=\"async\" class=\"aligncenter wp-image-224\" src=\"http:\/\/impresiona.com.gt\/wp-content\/uploads\/2024\/02\/vision.jpg\" alt=\"\" width=\"100\" height=\"89\" \/><\/p><p><strong>EMPRESA DE IMPRESI\u00d3N DIGITAL<\/strong><br \/>Ser la mejor empresa de impresi\u00f3n proveedora de servicios en el \u00e1rea de dise\u00f1o publicitario con creatividad, dedicaci\u00f3n, calidad y la innovaci\u00f3n de cada uno de los productos y as\u00ed lograr los m\u00e1s grandes proyectos, para convertirnos en la mejor alternativa para nuestros clientes.<\/p>\t\t\t\t\t\t\t\t<\/div>\n\t\t\t\t<\/div>\n\t\t\t\t<\/div>\n\t\t<div class=\"elementor-element elementor-element-42ac74a e-con-full e-flex e-con e-child\" data-id=\"42ac74a\" data-element_type=\"container\" data-e-type=\"container\">\n\t\t\t\t<div class=\"elementor-element elementor-element-a45f4b4 elementor-widget elementor-widget-text-editor\" data-id=\"a45f4b4\" data-element_type=\"widget\" data-e-type=\"widget\" data-widget_type=\"text-editor.default\">\n\t\t\t\t<div class=\"elementor-widget-container\">\n\t\t\t\t\t\t\t\t\t<p><img loading=\"lazy\" decoding=\"async\" class=\"aligncenter wp-image-223\" src=\"http:\/\/impresiona.com.gt\/wp-content\/uploads\/2024\/02\/objetivos.jpg\" alt=\"\" width=\"100\" height=\"89\" \/><\/p><p><strong>SOLUCIONES<\/strong><br \/>Poner al alcance de nuestros clientes soluciones que los impulsen en un proceso de calidad, logrando as\u00ed experiencias de competitividad en el mundo de la impresi\u00f3n digital, estableciendo una visi\u00f3n de diversas posibilidades publicitarias<\/p>\t\t\t\t\t\t\t\t<\/div>\n\t\t\t\t<\/div>\n\t\t\t\t<\/div>\n\t\t\t\t\t<\/div>\n\t\t\t\t<\/div>\n\t\t<div class=\"elementor-element elementor-element-5a35910 e-flex e-con-boxed e-con e-parent\" data-id=\"5a35910\" data-element_type=\"container\" data-e-type=\"container\" data-settings=\"{&quot;background_background&quot;:&quot;classic&quot;}\">\n\t\t\t\t\t<div class=\"e-con-inner\">\n\t\t<div class=\"elementor-element elementor-element-a0bbbae e-con-full e-flex e-con e-child\" data-id=\"a0bbbae\" data-element_type=\"container\" data-e-type=\"container\">\n\t\t\t\t<div class=\"elementor-element elementor-element-17f254c elementor-widget elementor-widget-text-editor\" data-id=\"17f254c\" data-element_type=\"widget\" data-e-type=\"widget\" data-widget_type=\"text-editor.default\">\n\t\t\t\t<div class=\"elementor-widget-container\">\n\t\t\t\t\t\t\t\t\t<p><img loading=\"lazy\" decoding=\"async\" class=\"wp-image-120 size-full aligncenter\" src=\"http:\/\/impresiona.com.gt\/wp-content\/uploads\/2024\/02\/LogoWeb.png\" alt=\"\" width=\"1041\" height=\"250\" srcset=\"https:\/\/impresiona.com.gt\/wp-content\/uploads\/2024\/02\/LogoWeb.png 1041w, https:\/\/impresiona.com.gt\/wp-content\/uploads\/2024\/02\/LogoWeb-300x72.png 300w, https:\/\/impresiona.com.gt\/wp-content\/uploads\/2024\/02\/LogoWeb-1024x246.png 1024w, https:\/\/impresiona.com.gt\/wp-content\/uploads\/2024\/02\/LogoWeb-768x184.png 768w\" sizes=\"(max-width: 1041px) 100vw, 1041px\" \/><\/p>\t\t\t\t\t\t\t\t<\/div>\n\t\t\t\t<\/div>\n\t\t\t\t<\/div>\n\t\t<div class=\"elementor-element elementor-element-579fc75 e-con-full e-flex e-con e-child\" data-id=\"579fc75\" data-element_type=\"container\" data-e-type=\"container\">\n\t\t\t\t<div class=\"elementor-element elementor-element-38ae877 elementor-nav-menu--stretch elementor-nav-menu--dropdown-tablet elementor-nav-menu__text-align-aside elementor-nav-menu--toggle elementor-nav-menu--burger elementor-widget elementor-widget-nav-menu\" data-id=\"38ae877\" data-element_type=\"widget\" data-e-type=\"widget\" data-settings=\"{&quot;full_width&quot;:&quot;stretch&quot;,&quot;layout&quot;:&quot;horizontal&quot;,&quot;submenu_icon&quot;:{&quot;value&quot;:&quot;&lt;svg class=\\&quot;e-font-icon-svg e-fas-caret-down\\&quot; viewBox=\\&quot;0 0 320 512\\&quot; xmlns=\\&quot;http:\\\/\\\/www.w3.org\\\/2000\\\/svg\\&quot;&gt;&lt;path d=\\&quot;M31.3 192h257.3c17.8 0 26.7 21.5 14.1 34.1L174.1 354.8c-7.8 7.8-20.5 7.8-28.3 0L17.2 226.1C4.6 213.5 13.5 192 31.3 192z\\&quot;&gt;&lt;\\\/path&gt;&lt;\\\/svg&gt;&quot;,&quot;library&quot;:&quot;fa-solid&quot;},&quot;toggle&quot;:&quot;burger&quot;}\" data-widget_type=\"nav-menu.default\">\n\t\t\t\t<div class=\"elementor-widget-container\">\n\t\t\t\t\t\t\t\t<nav aria-label=\"Menu\" class=\"elementor-nav-menu--main elementor-nav-menu__container elementor-nav-menu--layout-horizontal e--pointer-underline e--animation-fade\">\n\t\t\t\t<ul id=\"menu-1-38ae877\" class=\"elementor-nav-menu\"><li class=\"menu-item menu-item-type-post_type menu-item-object-page menu-item-home menu-item-43\"><a href=\"https:\/\/impresiona.com.gt\/\" class=\"elementor-item\">INICIO<\/a><\/li>\n<li class=\"menu-item menu-item-type-post_type menu-item-object-page menu-item-174\"><a href=\"https:\/\/impresiona.com.gt\/index.php\/quienes-somos\/\" class=\"elementor-item\">Qui\u00e9nes Somos<\/a><\/li>\n<li class=\"menu-item menu-item-type-post_type menu-item-object-page menu-item-342\"><a href=\"https:\/\/impresiona.com.gt\/index.php\/servicios\/\" class=\"elementor-item\">Servicios<\/a><\/li>\n<li class=\"menu-item menu-item-type-post_type menu-item-object-page menu-item-349\"><a href=\"https:\/\/impresiona.com.gt\/index.php\/nuestro-trabajo\/\" class=\"elementor-item\">Nuestro Trabajo<\/a><\/li>\n<li class=\"menu-item menu-item-type-post_type menu-item-object-page menu-item-341\"><a href=\"https:\/\/impresiona.com.gt\/index.php\/contactanos\/\" class=\"elementor-item\">Cont\u00e1ctanos<\/a><\/li>\n<\/ul>\t\t\t<\/nav>\n\t\t\t\t\t<div class=\"elementor-menu-toggle\" role=\"button\" tabindex=\"0\" aria-label=\"Menu Toggle\" aria-expanded=\"false\">\n\t\t\t<svg aria-hidden=\"true\" role=\"presentation\" class=\"elementor-menu-toggle__icon--open e-font-icon-svg e-eicon-menu-bar\" viewBox=\"0 0 1000 1000\" xmlns=\"http:\/\/www.w3.org\/2000\/svg\"><path d=\"M104 333H896C929 333 958 304 958 271S929 208 896 208H104C71 208 42 237 42 271S71 333 104 333ZM104 583H896C929 583 958 554 958 521S929 458 896 458H104C71 458 42 487 42 521S71 583 104 583ZM104 833H896C929 833 958 804 958 771S929 708 896 708H104C71 708 42 737 42 771S71 833 104 833Z\"><\/path><\/svg><svg aria-hidden=\"true\" role=\"presentation\" class=\"elementor-menu-toggle__icon--close e-font-icon-svg e-eicon-close\" viewBox=\"0 0 1000 1000\" xmlns=\"http:\/\/www.w3.org\/2000\/svg\"><path d=\"M742 167L500 408 258 167C246 154 233 150 217 150 196 150 179 158 167 167 154 179 150 196 150 212 150 229 154 242 171 254L408 500 167 742C138 771 138 800 167 829 196 858 225 858 254 829L496 587 738 829C750 842 767 846 783 846 800 846 817 842 829 829 842 817 846 804 846 783 846 767 842 750 829 737L588 500 833 258C863 229 863 200 833 171 804 137 775 137 742 167Z\"><\/path><\/svg>\t\t<\/div>\n\t\t\t\t\t<nav class=\"elementor-nav-menu--dropdown elementor-nav-menu__container\" aria-hidden=\"true\">\n\t\t\t\t<ul id=\"menu-2-38ae877\" class=\"elementor-nav-menu\"><li class=\"menu-item menu-item-type-post_type menu-item-object-page menu-item-home menu-item-43\"><a href=\"https:\/\/impresiona.com.gt\/\" class=\"elementor-item\" tabindex=\"-1\">INICIO<\/a><\/li>\n<li class=\"menu-item menu-item-type-post_type menu-item-object-page menu-item-174\"><a href=\"https:\/\/impresiona.com.gt\/index.php\/quienes-somos\/\" class=\"elementor-item\" tabindex=\"-1\">Qui\u00e9nes Somos<\/a><\/li>\n<li class=\"menu-item menu-item-type-post_type menu-item-object-page menu-item-342\"><a href=\"https:\/\/impresiona.com.gt\/index.php\/servicios\/\" class=\"elementor-item\" tabindex=\"-1\">Servicios<\/a><\/li>\n<li class=\"menu-item menu-item-type-post_type menu-item-object-page menu-item-349\"><a href=\"https:\/\/impresiona.com.gt\/index.php\/nuestro-trabajo\/\" class=\"elementor-item\" tabindex=\"-1\">Nuestro Trabajo<\/a><\/li>\n<li class=\"menu-item menu-item-type-post_type menu-item-object-page menu-item-341\"><a href=\"https:\/\/impresiona.com.gt\/index.php\/contactanos\/\" class=\"elementor-item\" tabindex=\"-1\">Cont\u00e1ctanos<\/a><\/li>\n<\/ul>\t\t\t<\/nav>\n\t\t\t\t\t\t<\/div>\n\t\t\t\t<\/div>\n\t\t\t\t<\/div>\n\t\t\t\t\t<\/div>\n\t\t\t\t<\/div>\n\t\t\t\t<\/div>\n\t\t","protected":false},"excerpt":{"rendered":"<p>NUESTRA COMPA\u00d1\u00cdA IMPRESIONA es una empresa con 20 a\u00f1os de experiencia en el mercado, donde ponemos a disposici\u00f3n de su empresa toda nuestra calidad y compromiso en servicios de impresi\u00f3n digital en<a class=\"moretag\" href=\"https:\/\/impresiona.com.gt\/index.php\/quienes-somos\/\">Read More&#8230;<\/a><\/p>\n","protected":false},"author":1,"featured_media":0,"parent":0,"menu_order":0,"comment_status":"closed","ping_status":"closed","template":"elementor_header_footer","meta":{"footnotes":""},"class_list":["post-163","page","type-page","status-publish","hentry"],"_links":{"self":[{"href":"https:\/\/impresiona.com.gt\/index.php\/wp-json\/wp\/v2\/pages\/163","targetHints":{"allow":["GET"]}}],"collection":[{"href":"https:\/\/impresiona.com.gt\/index.php\/wp-json\/wp\/v2\/pages"}],"about":[{"href":"https:\/\/impresiona.com.gt\/index.php\/wp-json\/wp\/v2\/types\/page"}],"author":[{"embeddable":true,"href":"https:\/\/impresiona.com.gt\/index.php\/wp-json\/wp\/v2\/users\/1"}],"replies":[{"embeddable":true,"href":"https:\/\/impresiona.com.gt\/index.php\/wp-json\/wp\/v2\/comments?post=163"}],"version-history":[{"count":76,"href":"https:\/\/impresiona.com.gt\/index.php\/wp-json\/wp\/v2\/pages\/163\/revisions"}],"predecessor-version":[{"id":261,"href":"https:\/\/impresiona.com.gt\/index.php\/wp-json\/wp\/v2\/pages\/163\/revisions\/261"}],"wp:attachment":[{"href":"https:\/\/impresiona.com.gt\/index.php\/wp-json\/wp\/v2\/media?parent=163"}],"curies":[{"name":"wp","href":"https:\/\/api.w.org\/{rel}","templated":true}]}}